{"id":9536,"date":"2022-01-19T08:45:40","date_gmt":"2022-01-19T07:45:40","guid":{"rendered":"https:\/\/telcofroxmin.v150975.goserver.host\/?page_id=9536"},"modified":"2024-06-25T08:20:35","modified_gmt":"2024-06-25T06:20:35","slug":"agb","status":"publish","type":"page","link":"https:\/\/telco.at\/si\/agb\/","title":{"rendered":"GTC"},"content":{"rendered":"<div id=\"fws_69e15f8cc5363\"  data-column-margin=\"default\" data-midnight=\"dark\"  class=\"wpb_row vc_row-fluid vc_row\"  style=\"padding-top: 0px; padding-bottom: 0px; \"><div class=\"row-bg-wrap\" data-bg-animation=\"none\" data-bg-overlay=\"false\"><div class=\"inner-wrap\"><div class=\"row-bg\"  style=\"\"><\/div><\/div><\/div><div class=\"row_col_wrap_12 col span_12 dark left\">\n\t<div  class=\"vc_col-sm-12 wpb_column column_container vc_column_container col no-extra-padding inherit_tablet inherit_phone\"  data-padding-pos=\"all\" data-has-bg-color=\"false\" data-bg-color=\"\" data-bg-opacity=\"1\" data-animation=\"\" data-delay=\"0\" >\n\t\t<div class=\"vc_column-inner\" >\n\t\t\t<div class=\"wpb_wrapper\">\n\t\t\t\t\r\n<div class=\"wpb_text_column wpb_content_element  vc_custom_1718198977753\" >\r\n\t<div class=\"wpb_wrapper\">\r\n\t\t<h1>SPLO\u0160NI POGOJI - TS TELCO SENSORS AUSTRIA GMBH<\/h1>\n\t<\/div>\r\n<\/div>\r\n\r\n\r\n\r\n\r\n<div class=\"wpb_text_column wpb_content_element\" >\r\n\t<div class=\"wpb_wrapper\">\r\n\t\t<h2>1. splo\u0161ne informacije<\/h2>\n<p>Vse storitve, ki jih zagotavlja TS Telco Sensors Austria, se zagotavljajo izklju\u010dno na podlagi naslednjih splo\u0161nih pogojev. Odstopajo\u010de dolo\u010dbe veljajo le, \u010de so bile izrecno pisno dogovorjene.<\/p>\n<h2>2. veljavnost splo\u0161nih pogojev<\/h2>\n<p>\u010ce ni izrecno dogovorjeno druga\u010de, se uporabljajo na\u0161i splo\u0161ni pogoji, o katerih je bil obve\u0161\u010den pogodbeni partner. Na\u0161 pogodbeni partner se strinja, da se v primeru dvoma uporabljajo na\u0161i splo\u0161ni pogoji, tudi \u010de pogoji pogodbenega partnerja ostanejo nesporni.<\/p>\n<p>Pri tem se pogodbena izpolnitev z na\u0161e strani ne \u0161teje kot soglasje k pogodbenim pogojem, ki odstopajo od na\u0161ih pogojev.<\/p>\n<p>\u010ce pri razlagi pogodbe kljub temu ostanejo nejasnosti, jih je treba odpraviti tako, da se \u0161teje, da so dogovorjene tiste vsebine, ki so obi\u010dajno dogovorjene v primerljivih primerih.<\/p>\n<h2>3. ponudba<\/h2>\n<p>Na\u0161e ponudbe veljajo, kot je navedeno v posamezni ponudbi. Pogodba se \u0161teje za sklenjeno \u0161ele, ko vam po\u0161ljemo pisno potrditev naro\u010dila.<\/p>\n<h2>4. tajnost<\/h2>\n<p>Na\u010drti, skice, ocene stro\u0161kov in drugi dokumenti, kot so bro\u0161ure, katalogi, vzorci, predstavitve in podobno, ostanejo na\u0161a intelektualna lastnina. Za vsako uporabo, zlasti za posredovanje, razmno\u017eevanje, objavo in dajanje na voljo, vklju\u010dno s kopiranjem izvle\u010dkov, je potrebno na\u0161e izrecno soglasje.<\/p>\n<p>Vse zgoraj navedene dokumente lahko kadar koli zahtevamo nazaj in jih je treba v primeru, da pogodba ni sklenjena, nemudoma vrniti, ne da bi nas vpra\u0161ali. Na\u0161 pogodbeni partner se prav tako zavezuje, da bo v razmerju do tretjih oseb ohranil zaupnost glede znanja, pridobljenega v poslovnem razmerju.<\/p>\n<h2>5 Cene in pla\u010dilni pogoji<\/h2>\n<p>\u010ce ni izrecno navedeno druga\u010de, so vse na\u0161e cene brez DDV. V primeru izdaje ra\u010duna se tem cenam pri\u0161teje zakonsko predpisani DDV.<\/p>\n<p>Cene ne vklju\u010dujejo stro\u0161kov pakiranja in po\u0161iljanja.<\/p>\n<p>\u010ce v dveh tednih ne vlo\u017eite utemeljenega pisnega ugovora zoper na\u0161 ra\u010dun, se \u0161teje, da je ra\u010dun v vsakem primeru odobren.<\/p>\n<p>Kupnino je treba pla\u010dati v 30 dneh po prejemu ra\u010duna. O drugih pla\u010dilnih rokih se lahko dogovorite pisno.<\/p>\n<p>\u0160teje se, da je bilo pla\u010dilo opravljeno pravo\u010dasno, \u010de je bil znesek prejet ali knji\u017een v dobro na\u0161ega ra\u010duna na datum zapadlosti.<\/p>\n<p>\u010ce kupec v pla\u010dilnem roku, dogovorjenem za odbitek popusta, ne pla\u010da niti enega obroka, izgubi pravico do popusta ne le za ta obrok, temve\u010d tudi za vse obroke, ki jih je \u017ee pla\u010dal ali jih bo pla\u010dal pozneje.<\/p>\n<p>Tudi \u010de kupec zamuja s pla\u010dilom brez svoje krivde, smo upravi\u010deni zara\u010dunati zamudne obresti po letni obrestni meri 10 % nad osnovno obrestno mero; to ne vpliva na morebitne od\u0161kodninske zahtevke za dokazano vi\u0161je obresti.<\/p>\n<p>Upravi\u010dene prito\u017ebe stranki ne dajejo pravice do zadr\u017eanja celotnega zneska ra\u010duna, temve\u010d le razumnega dela zneska ra\u010duna.<\/p>\n<h2>6. pogoji dostave<\/h2>\n<p>Stro\u0161ke prevoza nosi kupec. Tveganje prevoza preide na kupca takoj, ko je blago dostavljeno njemu ali tretji osebi, ki jo dolo\u010di kupec in ki ni prevoznik. \u010ce je kupec sam sklenil prevozno pogodbo, ne da bi izkoristil ponujeno mo\u017enost, preide tveganje na prevoznika ali kupca takoj, ko je blago dostavljeno.<\/p>\n<p>Kraj izpolnitve za na\u0161e storitve in pla\u010dilo je registrirani sede\u017e podjetja.<\/p>\n<p>\u010ce na\u0161 pogodbeni partner zamuja s prevzemom, smo upravi\u010deni do skladi\u0161\u010denja blaga v na\u0161ih prostorih, za kar zara\u010dunamo skladi\u0161\u010dno pristojbino v vi\u0161ini 20% skupne vrednosti blaga za prva dva meseca, 50% za 6 mesecev in 100% od 6 mesecev naprej.<\/p>\n<h2>7. dobavni roki<\/h2>\n<p>Vsi izdelki bodo dostavljeni takoj, \u010de bodo na voljo na zalogi, in le do porabe zalog. Izdelki, ki niso na zalogi, bodo dostavljeni v navedenem dobavnem roku.<\/p>\n<p>V primeru zamud pri dobavi, npr. zaradi vi\u0161je sile, motenj v prometu in ukazov vi\u0161jih organov ter drugih dogodkov, za katere nismo odgovorni, proti nam ni mogo\u010de uveljavljati od\u0161kodninskih zahtevkov.<\/p>\n<p>Dru\u017eba TS Telco Sensors Austria ni odgovorna, \u010de dobava zamuja in ni opravljena po krivdi dobaviteljev na vi\u0161ji stopnji (nemo\u017enost).<br \/>V vsakem primeru mora kupec sprejeti manj\u0161e zamude pri dobavi, ne da bi imel pravico zahtevati od\u0161kodnino ali odstopiti od pogodbe.<\/p>\n<p>Objektivno utemeljene in manj\u0161e spremembe, ki ne vplivajo na ceno, lahko izvedemo sami. To velja zlasti za zamude pri dostavi. Takoj ko lahko ocenimo dejansko zamudo, vendar najpozneje en teden pred prvotno dogovorjenim datumom dobave, sporo\u010dimo, kako dolgo zamudo je treba pri\u010dakovati.<\/p>\n<h2>8. vra\u010dilo blaga<\/h2>\n<p>Blaga, ki je izdelano posebej za stranko na podlagi naro\u010dila, ni mogo\u010de vrniti. Za vsa druga vra\u010dila se od\u0161teje pristojbina za skladi\u0161\u010denje in obdelavo v vi\u0161ini 20 %.<\/p>\n<h2>9. pridr\u017eek lastninske pravice<\/h2>\n<p>Blago ostane na\u0161a last, dokler niso v celoti pla\u010dani nakupna cena ter vsi stro\u0161ki in izdatki. Nadaljnja prodaja je dovoljena le, \u010de nas o tem pravo\u010dasno in vnaprej obvestite z navedbo imena ali firme in to\u010dnega poslovnega naslova kupca ter \u010de se s prodajo strinjamo. V primeru na\u0161ega soglasja se \u0161teje, da je terjatev iz naslova kupnine prenesena na nas, mi pa smo poobla\u0161\u010deni, da o tem prenosu kadar koli obvestimo dol\u017enika - tretjo osebo. V primeru ve\u010d terjatev z na\u0161e strani se pla\u010dila dol\u017enika dodelijo predvsem tistim na\u0161im terjatvam, ki niso (ali niso ve\u010d) zavarovane s pridr\u017ekom lastninske pravice ali drugim na\u010dinom zavarovanja.<\/p>\n<p>V primeru neizpolnitve obveznosti smo upravi\u010deni uveljavljati svoje pravice, ki izhajajo iz pridr\u017eka lastninske pravice. Dogovorjeno je, da uveljavljanje pridr\u017eka lastninske pravice ne pomeni odpovedi pogodbe, razen \u010de izrecno izjavimo, da pogodbo odpovedujemo.<\/p>\n<h2>10. garancija<\/h2>\n<p>Razen v primerih, v katerih zakon dolo\u010da pravico do odstopa od pogodbe, si pridr\u017eujemo pravico, da po lastni presoji izpolnimo garancijski zahtevek z izbolj\u0161avo, zamenjavo ali zni\u017eanjem cene. Imamo garancijo za zamenjavo v 36 mesecih.<\/p>\n<p>Prevzemnik mora vedno dokazati, da je napaka obstajala \u017ee ob primopredaji.<\/p>\n<p>Blago je treba pregledati takoj po dostavi. Vse ugotovljene napake je treba takoj, najpozneje pa v 7 dneh po dostavi, sporo\u010diti prodajalcu ter navesti vrsto in obseg napake. Za napake na blagu se ne \u0161tejejo po\u0161kodbe, ki jih povzro\u010di kupec z nepravilnim ravnanjem ali ravnanjem v nasprotju s pogodbenimi pogoji. Za neustrezno in nepogodbeno naravo blaga so odlo\u010dilni podatki, ki jih je posredoval proizvajalec blaga.<\/p>\n<p>Skrite napake je treba prijaviti takoj po njihovem odkritju. \u010ce reklamacija ni vlo\u017eena ali ni vlo\u017eena pravo\u010dasno, se \u0161teje, da je blago odobreno.<\/p>\n<p>Uveljavljanje garancijskih zahtevkov ali od\u0161kodninskih zahtevkov ter pravica do izpodbijanja napak zaradi pomanjkljivosti sta izklju\u010dena.<\/p>\n<p>Garancijski rok je 36 mesecev od dobave.<\/p>\n<p>Garancija v vsakem primeru preneha veljati v primeru posegov, popravil ali poskusov popravil s strani kupca ali nepoobla\u0161\u010denih tretjih oseb.<\/p>\n<h2>11. pravica do regresa<\/h2>\n<p><span id=\"page25R_mcid18\" class=\"markedContent\"><span dir=\"ltr\" role=\"presentation\">Pravica do regresa v skladu s \u010dlenom 933b ABGB je izklju\u010dena.<\/span><\/span><\/p>\n<h2>12. od\u0161kodninski zahtevki<\/h2>\n<p>Od\u0161kodninski zahtevki so izklju\u010deni, razen v primeru telesnih po\u0161kodb, razen \u010de o\u0161kodovanec doka\u017ee veliko malomarnost z na\u0161e strani.<\/p>\n<p>Celotna odgovornost dru\u017ebe Telco Sensors Austria za kakr\u0161no koli izgubo ali \u0161kodo je omejena na 50 % cene, ki jo je kupec pla\u010dal za storitev, zaradi katere je pri\u0161lo do zahtevka.<\/p>\n<h2>13. odgovornost za izdelke<\/h2>\n<p>Izdelki dru\u017ebe TS-TELCO (proizvajalec: Telco Electronics A\/S) se lahko uporabljajo samo za strojne namene. Zato se izdelki nikoli ne smejo uporabljati za osebno varnost in\/ali izklju\u010dno za za\u0161\u010dito ljudi.<\/p>\n<p>Dru\u017eba Telco Sensors Austria ni odgovorna za izgubo ali \u0161kodo, ki jo blago povzro\u010di na premi\u010dninah ali nepremi\u010dninah, \u010de \u0161koda nastane, ko je blago v lasti kupca.<\/p>\n<p>Celotna odgovornost dru\u017ebe Telco Sensors Austria za kakr\u0161no koli izgubo ali \u0161kodo je omejena na 50 % cene, ki jo je kupec pla\u010dal za storitev, zaradi katere je pri\u0161lo do zahtevka.<\/p>\n<p>Ker smo le dobavitelj in ne proizvajalec prodanega blaga, so izklju\u010deni vsi regresni zahtevki proti nam.<\/p>\n<h2>14. formalne zahteve<\/h2>\n<p>Vse pogodbe, naknadne spremembe, dopolnitve, dodatne pogodbe itd. morajo biti sklenjene v pisni obliki, da so veljavne, vklju\u010dno z izvirnim podpisom ali varnim elektronskim podpisom.<\/p>\n<h2>15. kraj pristojnosti<\/h2>\n<p>To pogodbo ureja avstrijsko materialno pravo; uporaba Konvencije ZN o pogodbah o mednarodni prodaji blaga je izklju\u010dena.<\/p>\n<p>Za odlo\u010danje o vseh sporih, ki izhajajo iz te pogodbe, je krajevno pristojno sodi\u0161\u010de na sede\u017eu na\u0161ega podjetja. Vendar pa imamo pravico, da ukrepamo tudi v kraju splo\u0161ne pristojnosti pogodbenega partnerja.<\/p>\n<h2>16 Veljavnost splo\u0161nih pogojev poslovanja<\/h2>\n<p>Z oddajo naro\u010dila stranka priznava splo\u0161ne pogoje poslovanja dru\u017ebe Telco Sensors Austria. \u010ce pogodbeni partner v 7 dneh ne poda izrecnega pisnega ugovora, so na\u0161i splo\u0161ni pogoji veljavni in pravno u\u010dinkoviti.<\/p>\n<p>v.0624<\/p>\n\t<\/div>\r\n<\/div>\r\n\r\n\r\n\r\n\n\t\t\t<\/div> \n\t\t<\/div>\n\t<\/div> \n<\/div><\/div>","protected":false},"excerpt":{"rendered":"Splo\u0161ni pogoji poslovanja \u2013 TS TELCO SENSORS AUSTRIA GMBH 1. Splo\u0161no Vse storitve, ki jih zagotavlja TS Telco Sensors Austria, temeljijo izklju\u010dno na naslednjih splo\u0161nih pogojih poslovanja. Odstopajo\u010di predpisi ...","protected":false},"author":2,"featured_media":0,"parent":0,"menu_order":0,"comment_status":"closed","ping_status":"closed","template":"","meta":{"_acf_changed":false,"inline_featured_image":false,"footnotes":""},"class_list":["post-9536","page","type-page","status-publish"],"acf":[],"yoast_head":"<!-- This site is optimized with the Yoast SEO plugin v27.4 - https:\/\/yoast.com\/product\/yoast-seo-wordpress\/ -->\n<title>AGB - TS Telco Sensors Austria GmbH<\/title>\n<meta name=\"description\" content=\"Informieren Sie sich \u00fcber die Allgemeinen Gesch\u00e4ftsbedingungen (AGB) von TS Telco Sensors Austria.\" \/>\n<meta name=\"robots\" content=\"index, follow, max-snippet:-1, max-image-preview:large, max-video-preview:-1\" \/>\n<link rel=\"canonical\" href=\"https:\/\/telco.at\/si\/agb\/\" \/>\n<meta property=\"og:locale\" content=\"sl_SI\" \/>\n<meta property=\"og:type\" content=\"article\" \/>\n<meta property=\"og:title\" content=\"AGB - TS Telco Sensors Austria GmbH\" \/>\n<meta property=\"og:description\" content=\"Informieren Sie sich \u00fcber die Allgemeinen Gesch\u00e4ftsbedingungen (AGB) von TS Telco Sensors Austria.\" \/>\n<meta property=\"og:url\" content=\"https:\/\/telco.at\/si\/agb\/\" \/>\n<meta property=\"og:site_name\" content=\"TS Telco Sensors\" \/>\n<meta property=\"article:modified_time\" content=\"2024-06-25T06:20:35+00:00\" \/>\n<meta property=\"og:image\" content=\"https:\/\/telco.at\/wp-content\/uploads\/2022\/04\/Logo-Neu-seit-1986-e1726646846276.png\" \/>\n\t<meta property=\"og:image:width\" content=\"1500\" \/>\n\t<meta property=\"og:image:height\" content=\"577\" \/>\n\t<meta property=\"og:image:type\" content=\"image\/png\" \/>\n<meta name=\"twitter:card\" content=\"summary_large_image\" \/>\n<meta name=\"twitter:label1\" content=\"Est. reading time\" \/>\n\t<meta name=\"twitter:data1\" content=\"8 minut\" \/>\n<script type=\"application\/ld+json\" class=\"yoast-schema-graph\">{\"@context\":\"https:\\\/\\\/schema.org\",\"@graph\":[{\"@type\":\"WebPage\",\"@id\":\"https:\\\/\\\/telco.at\\\/si\\\/agb\\\/\",\"url\":\"https:\\\/\\\/telco.at\\\/si\\\/agb\\\/\",\"name\":\"AGB - TS Telco Sensors Austria GmbH\",\"isPartOf\":{\"@id\":\"https:\\\/\\\/telco.at\\\/si\\\/#website\"},\"datePublished\":\"2022-01-19T07:45:40+00:00\",\"dateModified\":\"2024-06-25T06:20:35+00:00\",\"description\":\"Informieren Sie sich \u00fcber die Allgemeinen Gesch\u00e4ftsbedingungen (AGB) von TS Telco Sensors Austria.\",\"breadcrumb\":{\"@id\":\"https:\\\/\\\/telco.at\\\/si\\\/agb\\\/#breadcrumb\"},\"inLanguage\":\"sl-SI\",\"potentialAction\":[{\"@type\":\"ReadAction\",\"target\":[\"https:\\\/\\\/telco.at\\\/si\\\/agb\\\/\"]}]},{\"@type\":\"BreadcrumbList\",\"@id\":\"https:\\\/\\\/telco.at\\\/si\\\/agb\\\/#breadcrumb\",\"itemListElement\":[{\"@type\":\"ListItem\",\"position\":1,\"name\":\"Startseite\",\"item\":\"https:\\\/\\\/telco.at\\\/\"},{\"@type\":\"ListItem\",\"position\":2,\"name\":\"AGB\"}]},{\"@type\":\"WebSite\",\"@id\":\"https:\\\/\\\/telco.at\\\/si\\\/#website\",\"url\":\"https:\\\/\\\/telco.at\\\/si\\\/\",\"name\":\"TS Telco Sensors\",\"description\":\"TS Telco Sensors Austria\",\"publisher\":{\"@id\":\"https:\\\/\\\/telco.at\\\/si\\\/#organization\"},\"potentialAction\":[{\"@type\":\"SearchAction\",\"target\":{\"@type\":\"EntryPoint\",\"urlTemplate\":\"https:\\\/\\\/telco.at\\\/si\\\/?s={search_term_string}\"},\"query-input\":{\"@type\":\"PropertyValueSpecification\",\"valueRequired\":true,\"valueName\":\"search_term_string\"}}],\"inLanguage\":\"sl-SI\"},{\"@type\":\"Organization\",\"@id\":\"https:\\\/\\\/telco.at\\\/si\\\/#organization\",\"name\":\"TS Telco Sensors Austria GmbH\",\"url\":\"https:\\\/\\\/telco.at\\\/si\\\/\",\"logo\":{\"@type\":\"ImageObject\",\"inLanguage\":\"sl-SI\",\"@id\":\"https:\\\/\\\/telco.at\\\/si\\\/#\\\/schema\\\/logo\\\/image\\\/\",\"url\":\"https:\\\/\\\/telco.at\\\/wp-content\\\/uploads\\\/2022\\\/01\\\/logo.png\",\"contentUrl\":\"https:\\\/\\\/telco.at\\\/wp-content\\\/uploads\\\/2022\\\/01\\\/logo.png\",\"width\":480,\"height\":150,\"caption\":\"TS Telco Sensors Austria GmbH\"},\"image\":{\"@id\":\"https:\\\/\\\/telco.at\\\/si\\\/#\\\/schema\\\/logo\\\/image\\\/\"}}]}<\/script>\n<!-- \/ Yoast SEO plugin. -->","yoast_head_json":{"title":"Splo\u0161ni pogoji poslovanja - TS Telco Sensors Austria GmbH","description":"Seznanite se s splo\u0161nimi pogoji poslovanja dru\u017ebe TS Telco Sensors Austria.","robots":{"index":"index","follow":"follow","max-snippet":"max-snippet:-1","max-image-preview":"max-image-preview:large","max-video-preview":"max-video-preview:-1"},"canonical":"https:\/\/telco.at\/si\/agb\/","og_locale":"sl_SI","og_type":"article","og_title":"AGB - TS Telco Sensors Austria GmbH","og_description":"Informieren Sie sich \u00fcber die Allgemeinen Gesch\u00e4ftsbedingungen (AGB) von TS Telco Sensors Austria.","og_url":"https:\/\/telco.at\/si\/agb\/","og_site_name":"TS Telco Sensors","article_modified_time":"2024-06-25T06:20:35+00:00","og_image":[{"width":1500,"height":577,"url":"https:\/\/telco.at\/wp-content\/uploads\/2022\/04\/Logo-Neu-seit-1986-e1726646846276.png","type":"image\/png"}],"twitter_card":"summary_large_image","twitter_misc":{"Est. reading time":"8 minut"},"schema":{"@context":"https:\/\/schema.org","@graph":[{"@type":"WebPage","@id":"https:\/\/telco.at\/si\/agb\/","url":"https:\/\/telco.at\/si\/agb\/","name":"Splo\u0161ni pogoji poslovanja - TS Telco Sensors Austria GmbH","isPartOf":{"@id":"https:\/\/telco.at\/si\/#website"},"datePublished":"2022-01-19T07:45:40+00:00","dateModified":"2024-06-25T06:20:35+00:00","description":"Seznanite se s splo\u0161nimi pogoji poslovanja dru\u017ebe TS Telco Sensors Austria.","breadcrumb":{"@id":"https:\/\/telco.at\/si\/agb\/#breadcrumb"},"inLanguage":"sl-SI","potentialAction":[{"@type":"ReadAction","target":["https:\/\/telco.at\/si\/agb\/"]}]},{"@type":"BreadcrumbList","@id":"https:\/\/telco.at\/si\/agb\/#breadcrumb","itemListElement":[{"@type":"ListItem","position":1,"name":"Startseite","item":"https:\/\/telco.at\/"},{"@type":"ListItem","position":2,"name":"AGB"}]},{"@type":"WebSite","@id":"https:\/\/telco.at\/si\/#website","url":"https:\/\/telco.at\/si\/","name":"Senzorji TS Telco","description":"TS Telco Sensors Avstrija","publisher":{"@id":"https:\/\/telco.at\/si\/#organization"},"potentialAction":[{"@type":"SearchAction","target":{"@type":"EntryPoint","urlTemplate":"https:\/\/telco.at\/si\/?s={search_term_string}"},"query-input":{"@type":"PropertyValueSpecification","valueRequired":true,"valueName":"search_term_string"}}],"inLanguage":"sl-SI"},{"@type":"Organization","@id":"https:\/\/telco.at\/si\/#organization","name":"TS Telco Sensors Austria GmbH","url":"https:\/\/telco.at\/si\/","logo":{"@type":"ImageObject","inLanguage":"sl-SI","@id":"https:\/\/telco.at\/si\/#\/schema\/logo\/image\/","url":"https:\/\/telco.at\/wp-content\/uploads\/2022\/01\/logo.png","contentUrl":"https:\/\/telco.at\/wp-content\/uploads\/2022\/01\/logo.png","width":480,"height":150,"caption":"TS Telco Sensors Austria GmbH"},"image":{"@id":"https:\/\/telco.at\/si\/#\/schema\/logo\/image\/"}}]}},"_links":{"self":[{"href":"https:\/\/telco.at\/si\/wp-json\/wp\/v2\/pages\/9536","targetHints":{"allow":["GET"]}}],"collection":[{"href":"https:\/\/telco.at\/si\/wp-json\/wp\/v2\/pages"}],"about":[{"href":"https:\/\/telco.at\/si\/wp-json\/wp\/v2\/types\/page"}],"author":[{"embeddable":true,"href":"https:\/\/telco.at\/si\/wp-json\/wp\/v2\/users\/2"}],"replies":[{"embeddable":true,"href":"https:\/\/telco.at\/si\/wp-json\/wp\/v2\/comments?post=9536"}],"version-history":[{"count":10,"href":"https:\/\/telco.at\/si\/wp-json\/wp\/v2\/pages\/9536\/revisions"}],"predecessor-version":[{"id":10997,"href":"https:\/\/telco.at\/si\/wp-json\/wp\/v2\/pages\/9536\/revisions\/10997"}],"wp:attachment":[{"href":"https:\/\/telco.at\/si\/wp-json\/wp\/v2\/media?parent=9536"}],"curies":[{"name":"delovni list","href":"https:\/\/api.w.org\/{rel}","templated":true}]}}